	



	
{"id":26,"date":"2022-11-15T08:44:56","date_gmt":"2022-11-15T07:44:56","guid":{"rendered":"https:\/\/kitbase.webs.fococonsultores.es\/?page_id=26"},"modified":"2024-08-06T11:07:14","modified_gmt":"2024-08-06T09:07:14","slug":"ubicacion","status":"publish","type":"page","link":"https:\/\/shishasyvapersjr.es\/index.php\/ubicacion\/","title":{"rendered":"Ubicaci\u00f3n"},"content":{"rendered":"\n<div style=\"height:4vh\" aria-hidden=\"true\" class=\"wp-block-spacer\"><\/div>\n\n\n<div class=\"yoast-breadcrumbs\"><span><span><a href=\"https:\/\/shishasyvapersjr.es\/\">Portada<\/a> \u00bb <span class=\"breadcrumb_last\" aria-current=\"page\">Ubicaci\u00f3n<\/span><\/span><\/span><\/div>\n\n\n<div class=\"wp-block-cover alignfull is-light\"><span aria-hidden=\"true\" class=\"wp-block-cover__background has-white-background-color has-background-dim-100 has-background-dim\"><\/span><div class=\"wp-block-cover__inner-container\">\n<div style=\"height:50px\" aria-hidden=\"true\" class=\"wp-block-spacer\"><\/div>\n\n\n\n<div class=\"is-layout-flex wp-container-6 wp-block-columns\">\n<div class=\"is-layout-flow wp-block-column\" style=\"flex-basis:3.5%\"><\/div>\n\n\n\n<div class=\"is-layout-flow wp-block-column is-vertically-aligned-center\" style=\"flex-basis:33%\">\n<h1 class=\"alignwide has-large-font-size\">Ubicaci\u00f3n<\/h1>\n\n\n\n<div style=\"height:30px\" aria-hidden=\"true\" class=\"wp-block-spacer\"><\/div>\n\n\n\n<h2><strong>SHISHAS Y VAPERS JR<\/strong><\/h2>\n\n\n\n<p>Av. del Cam\u00ed Nou, 78, 46950 Xirivella, Valencia<\/p>\n\n\n\n<p><a href=\"mailto:shishasyvapersjr@gmail.com\">shishasyvapersjr@gmail.com<\/a><\/p>\n\n\n\n<p><a href=\"tel:+34961478541\">(+34) 961 478 541<\/a><\/p>\n\n\n\n<div class=\"is-content-justification-right is-layout-flex wp-container-2 wp-block-buttons\">\n<div class=\"wp-block-button is-style-fill\"><a class=\"wp-block-button__link has-text-color has-background wp-element-button\" href=\"https:\/\/www.google.com\/maps\/dir\/\/Estanco+J.R.+SHISHAS+Y+VAPERS,+Av.+del+Cam%C3%AD+Nou,+78,+46950+Xirivella,+Valencia\/@39.4659936,-0.4296695,18z\/data=!4m8!4m7!1m0!1m5!1m1!1s0xd604f956da6c7f3:0xbc60fe677b48a169!2m2!1d-0.4297442!2d39.4660973?entry=ttu\" style=\"border-radius:6px;color:#111111;background-color:#ff8607\" target=\"_blank\" rel=\"noreferrer noopener\">C\u00f3mo llegar<\/a><\/div>\n<\/div>\n<\/div>\n\n\n\n<div class=\"is-layout-flow wp-block-column\" style=\"flex-basis:3.5%\"><\/div>\n\n\n\n<div class=\"is-layout-flow wp-block-column\" style=\"flex-basis:60%\"><\/div>\n<\/div>\n<\/div><\/div>\n","protected":false},"excerpt":{"rendered":"","protected":false},"author":2,"featured_media":0,"parent":0,"menu_order":0,"comment_status":"closed","ping_status":"closed","template":"","meta":{"_mi_skip_tracking":false},"yoast_head":"<!-- This site is optimized with the Yoast SEO plugin v19.10 - https:\/\/yoast.com\/wordpress\/plugins\/seo\/ -->\n<title>Ubicaci\u00f3n - SHISHAS Y VAPERS JR<\/title>\n<meta name=\"description\" content=\"Ubicaci\u00f3n de SHISHAS Y VAPERS JR en direcci\u00f3n Av. del Cam\u00ed Nou, 78, 46950 Xirivella, Valencia y con tel\u00e9fono (+34) 961 478 541\" \/>\n<meta name=\"robots\" content=\"index, follow, max-snippet:-1, max-image-preview:large, max-video-preview:-1\" \/>\n<link rel=\"canonical\" href=\"https:\/\/shishasyvapersjr.es\/index.php\/ubicacion\/\" \/>\n<meta property=\"og:locale\" content=\"es_ES\" \/>\n<meta property=\"og:type\" content=\"article\" \/>\n<meta property=\"og:title\" content=\"Ubicaci\u00f3n - SHISHAS Y VAPERS JR\" \/>\n<meta property=\"og:description\" content=\"Ubicaci\u00f3n de SHISHAS Y VAPERS JR en direcci\u00f3n Av. del Cam\u00ed Nou, 78, 46950 Xirivella, Valencia y con tel\u00e9fono (+34) 961 478 541\" \/>\n<meta property=\"og:url\" content=\"https:\/\/shishasyvapersjr.es\/index.php\/ubicacion\/\" \/>\n<meta property=\"og:site_name\" content=\"SHISHAS Y VAPERS JR\" \/>\n<meta property=\"article:modified_time\" content=\"2024-08-06T09:07:14+00:00\" \/>\n<meta name=\"twitter:card\" content=\"summary_large_image\" \/>\n<meta name=\"twitter:label1\" content=\"Tiempo de lectura\" \/>\n\t<meta name=\"twitter:data1\" content=\"1 minuto\" \/>\n<script type=\"application\/ld+json\" class=\"yoast-schema-graph\">{\"@context\":\"https:\/\/schema.org\",\"@graph\":[{\"@type\":\"WebPage\",\"@id\":\"https:\/\/shishasyvapersjr.es\/index.php\/ubicacion\/\",\"url\":\"https:\/\/shishasyvapersjr.es\/index.php\/ubicacion\/\",\"name\":\"Ubicaci\u00f3n - SHISHAS Y VAPERS JR\",\"isPartOf\":{\"@id\":\"https:\/\/shishasyvapersjr.es\/#website\"},\"datePublished\":\"2022-11-15T07:44:56+00:00\",\"dateModified\":\"2024-08-06T09:07:14+00:00\",\"description\":\"Ubicaci\u00f3n de SHISHAS Y VAPERS JR en direcci\u00f3n Av. del Cam\u00ed Nou, 78, 46950 Xirivella, Valencia y con tel\u00e9fono (+34) 961 478 541\",\"breadcrumb\":{\"@id\":\"https:\/\/shishasyvapersjr.es\/index.php\/ubicacion\/#breadcrumb\"},\"inLanguage\":\"es\",\"potentialAction\":[{\"@type\":\"ReadAction\",\"target\":[\"https:\/\/shishasyvapersjr.es\/index.php\/ubicacion\/\"]}]},{\"@type\":\"BreadcrumbList\",\"@id\":\"https:\/\/shishasyvapersjr.es\/index.php\/ubicacion\/#breadcrumb\",\"itemListElement\":[{\"@type\":\"ListItem\",\"position\":1,\"name\":\"Portada\",\"item\":\"https:\/\/shishasyvapersjr.es\/\"},{\"@type\":\"ListItem\",\"position\":2,\"name\":\"Ubicaci\u00f3n\"}]},{\"@type\":\"WebSite\",\"@id\":\"https:\/\/shishasyvapersjr.es\/#website\",\"url\":\"https:\/\/shishasyvapersjr.es\/\",\"name\":\"SHISHAS Y VAPERS JR\",\"description\":\"Estanco especializado en shishas y vapers en Xirivella\",\"publisher\":{\"@id\":\"https:\/\/shishasyvapersjr.es\/#organization\"},\"potentialAction\":[{\"@type\":\"SearchAction\",\"target\":{\"@type\":\"EntryPoint\",\"urlTemplate\":\"https:\/\/shishasyvapersjr.es\/?s={search_term_string}\"},\"query-input\":\"required name=search_term_string\"}],\"inLanguage\":\"es\"},{\"@type\":\"Organization\",\"@id\":\"https:\/\/shishasyvapersjr.es\/#organization\",\"name\":\"SHISHAS Y VAPERS JR\",\"url\":\"https:\/\/shishasyvapersjr.es\/\",\"logo\":{\"@type\":\"ImageObject\",\"inLanguage\":\"es\",\"@id\":\"https:\/\/shishasyvapersjr.es\/#\/schema\/logo\/image\/\",\"url\":\"https:\/\/shishasyvapersjr.es\/wp-content\/uploads\/sites\/55\/2024\/08\/logo2.png\",\"contentUrl\":\"https:\/\/shishasyvapersjr.es\/wp-content\/uploads\/sites\/55\/2024\/08\/logo2.png\",\"width\":300,\"height\":300,\"caption\":\"SHISHAS Y VAPERS JR\"},\"image\":{\"@id\":\"https:\/\/shishasyvapersjr.es\/#\/schema\/logo\/image\/\"}}]}<\/script>\n<!-- \/ Yoast SEO plugin. -->","yoast_head_json":{"title":"Ubicaci\u00f3n - SHISHAS Y VAPERS JR","description":"Ubicaci\u00f3n de SHISHAS Y VAPERS JR en direcci\u00f3n Av. del Cam\u00ed Nou, 78, 46950 Xirivella, Valencia y con tel\u00e9fono (+34) 961 478 541","robots":{"index":"index","follow":"follow","max-snippet":"max-snippet:-1","max-image-preview":"max-image-preview:large","max-video-preview":"max-video-preview:-1"},"canonical":"https:\/\/shishasyvapersjr.es\/index.php\/ubicacion\/","og_locale":"es_ES","og_type":"article","og_title":"Ubicaci\u00f3n - SHISHAS Y VAPERS JR","og_description":"Ubicaci\u00f3n de SHISHAS Y VAPERS JR en direcci\u00f3n Av. del Cam\u00ed Nou, 78, 46950 Xirivella, Valencia y con tel\u00e9fono (+34) 961 478 541","og_url":"https:\/\/shishasyvapersjr.es\/index.php\/ubicacion\/","og_site_name":"SHISHAS Y VAPERS JR","article_modified_time":"2024-08-06T09:07:14+00:00","twitter_card":"summary_large_image","twitter_misc":{"Tiempo de lectura":"1 minuto"},"schema":{"@context":"https:\/\/schema.org","@graph":[{"@type":"WebPage","@id":"https:\/\/shishasyvapersjr.es\/index.php\/ubicacion\/","url":"https:\/\/shishasyvapersjr.es\/index.php\/ubicacion\/","name":"Ubicaci\u00f3n - SHISHAS Y VAPERS JR","isPartOf":{"@id":"https:\/\/shishasyvapersjr.es\/#website"},"datePublished":"2022-11-15T07:44:56+00:00","dateModified":"2024-08-06T09:07:14+00:00","description":"Ubicaci\u00f3n de SHISHAS Y VAPERS JR en direcci\u00f3n Av. del Cam\u00ed Nou, 78, 46950 Xirivella, Valencia y con tel\u00e9fono (+34) 961 478 541","breadcrumb":{"@id":"https:\/\/shishasyvapersjr.es\/index.php\/ubicacion\/#breadcrumb"},"inLanguage":"es","potentialAction":[{"@type":"ReadAction","target":["https:\/\/shishasyvapersjr.es\/index.php\/ubicacion\/"]}]},{"@type":"BreadcrumbList","@id":"https:\/\/shishasyvapersjr.es\/index.php\/ubicacion\/#breadcrumb","itemListElement":[{"@type":"ListItem","position":1,"name":"Portada","item":"https:\/\/shishasyvapersjr.es\/"},{"@type":"ListItem","position":2,"name":"Ubicaci\u00f3n"}]},{"@type":"WebSite","@id":"https:\/\/shishasyvapersjr.es\/#website","url":"https:\/\/shishasyvapersjr.es\/","name":"SHISHAS Y VAPERS JR","description":"Estanco especializado en shishas y vapers en Xirivella","publisher":{"@id":"https:\/\/shishasyvapersjr.es\/#organization"},"potentialAction":[{"@type":"SearchAction","target":{"@type":"EntryPoint","urlTemplate":"https:\/\/shishasyvapersjr.es\/?s={search_term_string}"},"query-input":"required name=search_term_string"}],"inLanguage":"es"},{"@type":"Organization","@id":"https:\/\/shishasyvapersjr.es\/#organization","name":"SHISHAS Y VAPERS JR","url":"https:\/\/shishasyvapersjr.es\/","logo":{"@type":"ImageObject","inLanguage":"es","@id":"https:\/\/shishasyvapersjr.es\/#\/schema\/logo\/image\/","url":"https:\/\/shishasyvapersjr.es\/wp-content\/uploads\/sites\/55\/2024\/08\/logo2.png","contentUrl":"https:\/\/shishasyvapersjr.es\/wp-content\/uploads\/sites\/55\/2024\/08\/logo2.png","width":300,"height":300,"caption":"SHISHAS Y VAPERS JR"},"image":{"@id":"https:\/\/shishasyvapersjr.es\/#\/schema\/logo\/image\/"}}]}},"_links":{"self":[{"href":"https:\/\/shishasyvapersjr.es\/index.php\/wp-json\/wp\/v2\/pages\/26"}],"collection":[{"href":"https:\/\/shishasyvapersjr.es\/index.php\/wp-json\/wp\/v2\/pages"}],"about":[{"href":"https:\/\/shishasyvapersjr.es\/index.php\/wp-json\/wp\/v2\/types\/page"}],"author":[{"embeddable":true,"href":"https:\/\/shishasyvapersjr.es\/index.php\/wp-json\/wp\/v2\/users\/2"}],"replies":[{"embeddable":true,"href":"https:\/\/shishasyvapersjr.es\/index.php\/wp-json\/wp\/v2\/comments?post=26"}],"version-history":[{"count":19,"href":"https:\/\/shishasyvapersjr.es\/index.php\/wp-json\/wp\/v2\/pages\/26\/revisions"}],"predecessor-version":[{"id":688,"href":"https:\/\/shishasyvapersjr.es\/index.php\/wp-json\/wp\/v2\/pages\/26\/revisions\/688"}],"wp:attachment":[{"href":"https:\/\/shishasyvapersjr.es\/index.php\/wp-json\/wp\/v2\/media?parent=26"}],"curies":[{"name":"wp","href":"https:\/\/api.w.org\/{rel}","templated":true}]}}