	



	
{"id":20,"date":"2022-11-15T08:44:16","date_gmt":"2022-11-15T07:44:16","guid":{"rendered":"https:\/\/kitbase.webs.fococonsultores.es\/?page_id=20"},"modified":"2024-08-26T20:51:45","modified_gmt":"2024-08-26T18:51:45","slug":"servicios-de-shishas-y-vapers","status":"publish","type":"page","link":"https:\/\/shishasyvapersjr.es\/index.php\/servicios-de-shishas-y-vapers\/","title":{"rendered":"Servicios"},"content":{"rendered":"\n<div style=\"height:4vh\" aria-hidden=\"true\" class=\"wp-block-spacer\"><\/div>\n\n\n<div class=\"yoast-breadcrumbs\"><span><span><a href=\"https:\/\/shishasyvapersjr.es\/\">Portada<\/a> \u00bb <span class=\"breadcrumb_last\" aria-current=\"page\">Servicios<\/span><\/span><\/span><\/div>\n\n\n<h1 class=\"has-large-font-size\">Servicios<\/h1>\n\n\n\n<p>SHISHAS Y VAPERS JR ofrece servicios de venta de shishas, vapers, cazoletas, carb\u00f3n y todo tipo de accesorios adem\u00e1s de asesorarte<\/p>\n\n\n\n<div class=\"wp-block-cover alignfull\"><span aria-hidden=\"true\" class=\"wp-block-cover__background has-background-dim-100 has-background-dim\" style=\"background-color:#1a1a1a\"><\/span><div class=\"wp-block-cover__inner-container\">\n<div class=\"wp-block-media-text alignwide is-stacked-on-mobile\" style=\"grid-template-columns:40% auto\"><figure class=\"wp-block-media-text__media\"><img decoding=\"async\" loading=\"lazy\" width=\"900\" height=\"506\" src=\"https:\/\/shishasyvapersjr.es\/wp-content\/uploads\/sites\/55\/2024\/08\/shishas.jpg\" alt=\"servicios de shishas\" class=\"wp-image-714 size-full\" srcset=\"https:\/\/shishasyvapersjr.es\/wp-content\/uploads\/sites\/55\/2024\/08\/shishas.jpg 900w, https:\/\/shishasyvapersjr.es\/wp-content\/uploads\/sites\/55\/2024\/08\/shishas-300x169.jpg 300w, https:\/\/shishasyvapersjr.es\/wp-content\/uploads\/sites\/55\/2024\/08\/shishas-768x432.jpg 768w, https:\/\/shishasyvapersjr.es\/wp-content\/uploads\/sites\/55\/2024\/08\/shishas-800x450.jpg 800w\" sizes=\"(max-width: 900px) 100vw, 900px\" \/><\/figure><div class=\"wp-block-media-text__content\">\n<h2 class=\"has-white-color has-text-color\"><strong>SHISHAS<\/strong><\/h2>\n\n\n\n<p class=\"has-white-color has-text-color\">Disponemos de gran variedad de marcas de shisha. Tama\u00f1os mini, medio y grandes y de diferentes materiales. Trabajamos con las marcas reconocidas y de mayor calidad del mercado.<\/p>\n<\/div><\/div>\n<\/div><\/div>\n\n\n\n<div class=\"wp-block-cover alignfull is-light\"><span aria-hidden=\"true\" class=\"wp-block-cover__background has-white-background-color has-background-dim-100 has-background-dim\"><\/span><div class=\"wp-block-cover__inner-container\">\n<div class=\"wp-block-media-text alignwide has-media-on-the-right is-stacked-on-mobile\" style=\"grid-template-columns:auto 20%\"><div class=\"wp-block-media-text__content\">\n<h2 class=\"has-black-color has-text-color\"><strong>CAZOLETAS<\/strong><\/h2>\n\n\n\n<p>Disponemos de una amplia gama de cazoletas de todo tipo de barros y de las marcas m\u00e1s reconocidas del mercado.<\/p>\n<\/div><figure class=\"wp-block-media-text__media\"><img decoding=\"async\" loading=\"lazy\" width=\"600\" height=\"800\" src=\"https:\/\/shishasyvapersjr.es\/wp-content\/uploads\/sites\/55\/2024\/08\/cazuelas.jpg\" alt=\"servicios cazoletas\" class=\"wp-image-711 size-full\" srcset=\"https:\/\/shishasyvapersjr.es\/wp-content\/uploads\/sites\/55\/2024\/08\/cazuelas.jpg 600w, https:\/\/shishasyvapersjr.es\/wp-content\/uploads\/sites\/55\/2024\/08\/cazuelas-225x300.jpg 225w\" sizes=\"(max-width: 600px) 100vw, 600px\" \/><\/figure><\/div>\n<\/div><\/div>\n\n\n\n<div class=\"wp-block-cover alignfull\"><span aria-hidden=\"true\" class=\"wp-block-cover__background has-background-dim-100 has-background-dim\" style=\"background-color:#1a1a1a\"><\/span><div class=\"wp-block-cover__inner-container\">\n<div class=\"wp-block-media-text alignwide is-stacked-on-mobile\" style=\"grid-template-columns:40% auto\"><figure class=\"wp-block-media-text__media\"><img decoding=\"async\" loading=\"lazy\" width=\"900\" height=\"563\" src=\"https:\/\/shishasyvapersjr.es\/wp-content\/uploads\/sites\/55\/2024\/08\/carbon.jpg\" alt=\"servicios carbon\" class=\"wp-image-710 size-full\" srcset=\"https:\/\/shishasyvapersjr.es\/wp-content\/uploads\/sites\/55\/2024\/08\/carbon.jpg 900w, https:\/\/shishasyvapersjr.es\/wp-content\/uploads\/sites\/55\/2024\/08\/carbon-300x188.jpg 300w, https:\/\/shishasyvapersjr.es\/wp-content\/uploads\/sites\/55\/2024\/08\/carbon-768x480.jpg 768w\" sizes=\"(max-width: 900px) 100vw, 900px\" \/><\/figure><div class=\"wp-block-media-text__content\">\n<h2 class=\"has-white-color has-text-color\"><strong>CARBON<\/strong><\/h2>\n\n\n\n<p class=\"has-white-color has-text-color\">Disponemos de carb\u00f3n de cascara de coco natural, en varias medidas y de las mejores marcas del mercado.<\/p>\n<\/div><\/div>\n<\/div><\/div>\n\n\n\n<div class=\"wp-block-cover alignfull is-light\"><span aria-hidden=\"true\" class=\"wp-block-cover__background has-white-background-color has-background-dim-100 has-background-dim\"><\/span><div class=\"wp-block-cover__inner-container\">\n<div class=\"wp-block-media-text alignwide has-media-on-the-right is-stacked-on-mobile\" style=\"grid-template-columns:auto 40%\"><div class=\"wp-block-media-text__content\">\n<h2 class=\"has-black-color has-text-color\"><strong>ACCESORIOS<\/strong><\/h2>\n\n\n\n<p>Disponemos rollos de papel de aluminio, hornillos, pinzas, boquillas en resina, gestores de calor, mangueras, tapetes, colorantes, bases de cristal, limpiadores, cepillos para shisha, mochilas de transporte y un sin fin de accesorios para tu shisha.<\/p>\n<\/div><figure class=\"wp-block-media-text__media\"><img decoding=\"async\" loading=\"lazy\" width=\"900\" height=\"563\" src=\"https:\/\/shishasyvapersjr.es\/wp-content\/uploads\/sites\/55\/2024\/08\/accesorios.jpg\" alt=\"accesorios shishas\" class=\"wp-image-709 size-full\" srcset=\"https:\/\/shishasyvapersjr.es\/wp-content\/uploads\/sites\/55\/2024\/08\/accesorios.jpg 900w, https:\/\/shishasyvapersjr.es\/wp-content\/uploads\/sites\/55\/2024\/08\/accesorios-300x188.jpg 300w, https:\/\/shishasyvapersjr.es\/wp-content\/uploads\/sites\/55\/2024\/08\/accesorios-768x480.jpg 768w\" sizes=\"(max-width: 900px) 100vw, 900px\" \/><\/figure><\/div>\n<\/div><\/div>\n\n\n\n<div class=\"wp-block-cover alignfull\"><span aria-hidden=\"true\" class=\"wp-block-cover__background has-background-dim-100 has-background-dim\" style=\"background-color:#1a1a1a\"><\/span><div class=\"wp-block-cover__inner-container\">\n<div class=\"wp-block-media-text alignwide is-stacked-on-mobile\" style=\"grid-template-columns:20% auto\"><figure class=\"wp-block-media-text__media\"><img decoding=\"async\" loading=\"lazy\" width=\"640\" height=\"800\" src=\"https:\/\/shishasyvapersjr.es\/wp-content\/uploads\/sites\/55\/2024\/08\/vapeo.jpg\" alt=\"servicios vapers\" class=\"wp-image-715 size-full\" srcset=\"https:\/\/shishasyvapersjr.es\/wp-content\/uploads\/sites\/55\/2024\/08\/vapeo.jpg 640w, https:\/\/shishasyvapersjr.es\/wp-content\/uploads\/sites\/55\/2024\/08\/vapeo-240x300.jpg 240w\" sizes=\"(max-width: 640px) 100vw, 640px\" \/><\/figure><div class=\"wp-block-media-text__content\">\n<h2 class=\"has-white-color has-text-color\"><strong>VAPERS<\/strong><\/h2>\n\n\n\n<p class=\"has-white-color has-text-color\">Disponemos de variedad de productos para el vapeo de m\u00e1xima calidad, as\u00ed como las novedades del sector. Mods, kits de inicio, pods, recambios y resistencias, l\u00edquidos, etc\u2026<\/p>\n<\/div><\/div>\n<\/div><\/div>\n\n\n\n<div class=\"wp-block-cover alignfull is-light\" style=\"min-height:197px\"><span aria-hidden=\"true\" class=\"wp-block-cover__background has-white-background-color has-background-dim-100 has-background-dim\"><\/span><div class=\"wp-block-cover__inner-container\">\n<div class=\"is-layout-flex wp-container-4 wp-block-columns\">\n<div class=\"is-layout-flow wp-block-column\" style=\"flex-basis:10%\"><\/div>\n\n\n\n<div class=\"is-layout-flow wp-block-column\">\n<p>Recuerda que somos especialistas en servicios de shishas y vapers. No solo vendemos productos, sino que tambi\u00e9n compartimos nuestra pasi\u00f3n y conocimiento con nuestros clientes, estamos <a href=\"https:\/\/shishasyvapersjr.es\/index.php\/ubicacion\/\">aqu\u00ed<\/a> para ayudarte.<\/p>\n<\/div>\n\n\n\n<div class=\"is-layout-flow wp-block-column\" style=\"flex-basis:10%\"><\/div>\n<\/div>\n<\/div><\/div>\n","protected":false},"excerpt":{"rendered":"<p>Servicios SHISHAS Y VAPERS JR ofrece servicios de venta de shishas, vapers, cazoletas, carb\u00f3n y todo tipo de accesorios adem\u00e1s de asesorarte<\/p>\n","protected":false},"author":2,"featured_media":0,"parent":0,"menu_order":0,"comment_status":"closed","ping_status":"closed","template":"","meta":{"_mi_skip_tracking":false},"yoast_head":"<!-- This site is optimized with the Yoast SEO plugin v19.10 - https:\/\/yoast.com\/wordpress\/plugins\/seo\/ -->\n<title>Servicios de SHISHAS Y VAPERS JR<\/title>\n<meta name=\"description\" content=\"SHISHAS Y VAPERS JR ofrece servicios de venta de shishas, vapers, cazoletas, carb\u00f3n y todo tipo de accesorios adem\u00e1s de asesorarte\" \/>\n<meta name=\"robots\" content=\"index, follow, max-snippet:-1, max-image-preview:large, max-video-preview:-1\" \/>\n<link rel=\"canonical\" href=\"https:\/\/shishasyvapersjr.es\/index.php\/servicios-de-shishas-y-vapers\/\" \/>\n<meta property=\"og:locale\" content=\"es_ES\" \/>\n<meta property=\"og:type\" content=\"article\" \/>\n<meta property=\"og:title\" content=\"Servicios de SHISHAS Y VAPERS JR\" \/>\n<meta property=\"og:description\" content=\"SHISHAS Y VAPERS JR ofrece servicios de venta de shishas, vapers, cazoletas, carb\u00f3n y todo tipo de accesorios adem\u00e1s de asesorarte\" \/>\n<meta property=\"og:url\" content=\"https:\/\/shishasyvapersjr.es\/index.php\/servicios-de-shishas-y-vapers\/\" \/>\n<meta property=\"og:site_name\" content=\"SHISHAS Y VAPERS JR\" \/>\n<meta property=\"article:modified_time\" content=\"2024-08-26T18:51:45+00:00\" \/>\n<meta property=\"og:image\" content=\"https:\/\/shishasyvapersjr.es\/wp-content\/uploads\/sites\/55\/2024\/08\/shishas.jpg\" \/>\n<meta name=\"twitter:card\" content=\"summary_large_image\" \/>\n<meta name=\"twitter:label1\" content=\"Tiempo de lectura\" \/>\n\t<meta name=\"twitter:data1\" content=\"2 minutos\" \/>\n<script type=\"application\/ld+json\" class=\"yoast-schema-graph\">{\"@context\":\"https:\/\/schema.org\",\"@graph\":[{\"@type\":\"WebPage\",\"@id\":\"https:\/\/shishasyvapersjr.es\/index.php\/servicios-de-shishas-y-vapers\/\",\"url\":\"https:\/\/shishasyvapersjr.es\/index.php\/servicios-de-shishas-y-vapers\/\",\"name\":\"Servicios de SHISHAS Y VAPERS JR\",\"isPartOf\":{\"@id\":\"https:\/\/shishasyvapersjr.es\/#website\"},\"datePublished\":\"2022-11-15T07:44:16+00:00\",\"dateModified\":\"2024-08-26T18:51:45+00:00\",\"description\":\"SHISHAS Y VAPERS JR ofrece servicios de venta de shishas, vapers, cazoletas, carb\u00f3n y todo tipo de accesorios adem\u00e1s de asesorarte\",\"breadcrumb\":{\"@id\":\"https:\/\/shishasyvapersjr.es\/index.php\/servicios-de-shishas-y-vapers\/#breadcrumb\"},\"inLanguage\":\"es\",\"potentialAction\":[{\"@type\":\"ReadAction\",\"target\":[\"https:\/\/shishasyvapersjr.es\/index.php\/servicios-de-shishas-y-vapers\/\"]}]},{\"@type\":\"BreadcrumbList\",\"@id\":\"https:\/\/shishasyvapersjr.es\/index.php\/servicios-de-shishas-y-vapers\/#breadcrumb\",\"itemListElement\":[{\"@type\":\"ListItem\",\"position\":1,\"name\":\"Portada\",\"item\":\"https:\/\/shishasyvapersjr.es\/\"},{\"@type\":\"ListItem\",\"position\":2,\"name\":\"Servicios\"}]},{\"@type\":\"WebSite\",\"@id\":\"https:\/\/shishasyvapersjr.es\/#website\",\"url\":\"https:\/\/shishasyvapersjr.es\/\",\"name\":\"SHISHAS Y VAPERS JR\",\"description\":\"Estanco especializado en shishas y vapers en Xirivella\",\"publisher\":{\"@id\":\"https:\/\/shishasyvapersjr.es\/#organization\"},\"potentialAction\":[{\"@type\":\"SearchAction\",\"target\":{\"@type\":\"EntryPoint\",\"urlTemplate\":\"https:\/\/shishasyvapersjr.es\/?s={search_term_string}\"},\"query-input\":\"required name=search_term_string\"}],\"inLanguage\":\"es\"},{\"@type\":\"Organization\",\"@id\":\"https:\/\/shishasyvapersjr.es\/#organization\",\"name\":\"SHISHAS Y VAPERS JR\",\"url\":\"https:\/\/shishasyvapersjr.es\/\",\"logo\":{\"@type\":\"ImageObject\",\"inLanguage\":\"es\",\"@id\":\"https:\/\/shishasyvapersjr.es\/#\/schema\/logo\/image\/\",\"url\":\"https:\/\/shishasyvapersjr.es\/wp-content\/uploads\/sites\/55\/2024\/08\/logo2.png\",\"contentUrl\":\"https:\/\/shishasyvapersjr.es\/wp-content\/uploads\/sites\/55\/2024\/08\/logo2.png\",\"width\":300,\"height\":300,\"caption\":\"SHISHAS Y VAPERS JR\"},\"image\":{\"@id\":\"https:\/\/shishasyvapersjr.es\/#\/schema\/logo\/image\/\"}}]}<\/script>\n<!-- \/ Yoast SEO plugin. -->","yoast_head_json":{"title":"Servicios de SHISHAS Y VAPERS JR","description":"SHISHAS Y VAPERS JR ofrece servicios de venta de shishas, vapers, cazoletas, carb\u00f3n y todo tipo de accesorios adem\u00e1s de asesorarte","robots":{"index":"index","follow":"follow","max-snippet":"max-snippet:-1","max-image-preview":"max-image-preview:large","max-video-preview":"max-video-preview:-1"},"canonical":"https:\/\/shishasyvapersjr.es\/index.php\/servicios-de-shishas-y-vapers\/","og_locale":"es_ES","og_type":"article","og_title":"Servicios de SHISHAS Y VAPERS JR","og_description":"SHISHAS Y VAPERS JR ofrece servicios de venta de shishas, vapers, cazoletas, carb\u00f3n y todo tipo de accesorios adem\u00e1s de asesorarte","og_url":"https:\/\/shishasyvapersjr.es\/index.php\/servicios-de-shishas-y-vapers\/","og_site_name":"SHISHAS Y VAPERS JR","article_modified_time":"2024-08-26T18:51:45+00:00","og_image":[{"url":"https:\/\/shishasyvapersjr.es\/wp-content\/uploads\/sites\/55\/2024\/08\/shishas.jpg"}],"twitter_card":"summary_large_image","twitter_misc":{"Tiempo de lectura":"2 minutos"},"schema":{"@context":"https:\/\/schema.org","@graph":[{"@type":"WebPage","@id":"https:\/\/shishasyvapersjr.es\/index.php\/servicios-de-shishas-y-vapers\/","url":"https:\/\/shishasyvapersjr.es\/index.php\/servicios-de-shishas-y-vapers\/","name":"Servicios de SHISHAS Y VAPERS JR","isPartOf":{"@id":"https:\/\/shishasyvapersjr.es\/#website"},"datePublished":"2022-11-15T07:44:16+00:00","dateModified":"2024-08-26T18:51:45+00:00","description":"SHISHAS Y VAPERS JR ofrece servicios de venta de shishas, vapers, cazoletas, carb\u00f3n y todo tipo de accesorios adem\u00e1s de asesorarte","breadcrumb":{"@id":"https:\/\/shishasyvapersjr.es\/index.php\/servicios-de-shishas-y-vapers\/#breadcrumb"},"inLanguage":"es","potentialAction":[{"@type":"ReadAction","target":["https:\/\/shishasyvapersjr.es\/index.php\/servicios-de-shishas-y-vapers\/"]}]},{"@type":"BreadcrumbList","@id":"https:\/\/shishasyvapersjr.es\/index.php\/servicios-de-shishas-y-vapers\/#breadcrumb","itemListElement":[{"@type":"ListItem","position":1,"name":"Portada","item":"https:\/\/shishasyvapersjr.es\/"},{"@type":"ListItem","position":2,"name":"Servicios"}]},{"@type":"WebSite","@id":"https:\/\/shishasyvapersjr.es\/#website","url":"https:\/\/shishasyvapersjr.es\/","name":"SHISHAS Y VAPERS JR","description":"Estanco especializado en shishas y vapers en Xirivella","publisher":{"@id":"https:\/\/shishasyvapersjr.es\/#organization"},"potentialAction":[{"@type":"SearchAction","target":{"@type":"EntryPoint","urlTemplate":"https:\/\/shishasyvapersjr.es\/?s={search_term_string}"},"query-input":"required name=search_term_string"}],"inLanguage":"es"},{"@type":"Organization","@id":"https:\/\/shishasyvapersjr.es\/#organization","name":"SHISHAS Y VAPERS JR","url":"https:\/\/shishasyvapersjr.es\/","logo":{"@type":"ImageObject","inLanguage":"es","@id":"https:\/\/shishasyvapersjr.es\/#\/schema\/logo\/image\/","url":"https:\/\/shishasyvapersjr.es\/wp-content\/uploads\/sites\/55\/2024\/08\/logo2.png","contentUrl":"https:\/\/shishasyvapersjr.es\/wp-content\/uploads\/sites\/55\/2024\/08\/logo2.png","width":300,"height":300,"caption":"SHISHAS Y VAPERS JR"},"image":{"@id":"https:\/\/shishasyvapersjr.es\/#\/schema\/logo\/image\/"}}]}},"_links":{"self":[{"href":"https:\/\/shishasyvapersjr.es\/index.php\/wp-json\/wp\/v2\/pages\/20"}],"collection":[{"href":"https:\/\/shishasyvapersjr.es\/index.php\/wp-json\/wp\/v2\/pages"}],"about":[{"href":"https:\/\/shishasyvapersjr.es\/index.php\/wp-json\/wp\/v2\/types\/page"}],"author":[{"embeddable":true,"href":"https:\/\/shishasyvapersjr.es\/index.php\/wp-json\/wp\/v2\/users\/2"}],"replies":[{"embeddable":true,"href":"https:\/\/shishasyvapersjr.es\/index.php\/wp-json\/wp\/v2\/comments?post=20"}],"version-history":[{"count":19,"href":"https:\/\/shishasyvapersjr.es\/index.php\/wp-json\/wp\/v2\/pages\/20\/revisions"}],"predecessor-version":[{"id":757,"href":"https:\/\/shishasyvapersjr.es\/index.php\/wp-json\/wp\/v2\/pages\/20\/revisions\/757"}],"wp:attachment":[{"href":"https:\/\/shishasyvapersjr.es\/index.php\/wp-json\/wp\/v2\/media?parent=20"}],"curies":[{"name":"wp","href":"https:\/\/api.w.org\/{rel}","templated":true}]}}