	



	
{"id":18,"date":"2022-11-15T08:43:50","date_gmt":"2022-11-15T07:43:50","guid":{"rendered":"https:\/\/kitbase.webs.fococonsultores.es\/?page_id=18"},"modified":"2024-08-26T20:48:13","modified_gmt":"2024-08-26T18:48:13","slug":"nuestra-tienda","status":"publish","type":"page","link":"https:\/\/shishasyvapersjr.es\/index.php\/nuestra-tienda\/","title":{"rendered":"Nosotros"},"content":{"rendered":"\n<div style=\"height:4vh\" aria-hidden=\"true\" class=\"wp-block-spacer\"><\/div>\n\n\n<div class=\"yoast-breadcrumbs\"><span><span><a href=\"https:\/\/shishasyvapersjr.es\/\">Portada<\/a> \u00bb <span class=\"breadcrumb_last\" aria-current=\"page\">Nosotros<\/span><\/span><\/span><\/div>\n\n\n<div class=\"wp-block-cover alignfull is-light\"><span aria-hidden=\"true\" class=\"wp-block-cover__background has-white-background-color has-background-dim-100 has-background-dim\"><\/span><div class=\"wp-block-cover__inner-container\">\n<div class=\"is-layout-constrained wp-block-group\"><div class=\"wp-block-group__inner-container\">\n<div class=\"is-layout-flex wp-container-4 wp-block-columns\">\n<div class=\"is-layout-flow wp-block-column is-vertically-aligned-top\" style=\"flex-basis:50%\"><div class=\"wp-block-image\">\n<figure class=\"alignleft size-full\"><img decoding=\"async\" loading=\"lazy\" width=\"667\" height=\"1000\" src=\"https:\/\/shishasyvapersjr.es\/wp-content\/uploads\/sites\/55\/2024\/08\/quienes-somos.jpg\" alt=\"Nuestra tienda shishas y vapers jr\" class=\"wp-image-713\" srcset=\"https:\/\/shishasyvapersjr.es\/wp-content\/uploads\/sites\/55\/2024\/08\/quienes-somos.jpg 667w, https:\/\/shishasyvapersjr.es\/wp-content\/uploads\/sites\/55\/2024\/08\/quienes-somos-200x300.jpg 200w\" sizes=\"(max-width: 667px) 100vw, 667px\" \/><\/figure><\/div><\/div>\n\n\n\n<div class=\"is-layout-flow wp-block-column is-vertically-aligned-center\">\n<h1 class=\"has-large-font-size\">Nuestra tienda<\/h1>\n\n\n\n<h2><strong>SHISHAS Y VAPERS JR <\/strong><\/h2>\n\n\n\n<p>Somos una tienda especializada en el fascinante mundo de la shisha. <\/p>\n\n\n\n<p>Ofrecemos una amplia variedad de modelos y tama\u00f1os, as\u00ed como una extensa gama de accesorios: hornillos, cazoletas, mangueras, papel de aluminio, boquillas de resina, carb\u00f3n de coco, mochilas de transporte, colorantes para el agua, bases de cristal en varios tama\u00f1os, limpiadores, cepillos, pinzas, punzones, enfriadores, y mucho m\u00e1s. <\/p>\n\n\n\n<p>Nos enorgullece proporcionar productos de alta calidad que satisfacen las necesidades de todos nuestros clientes, desde principiantes hasta expertos.<\/p>\n\n\n\n<p>Adem\u00e1s, tambi\u00e9n nos especializamos en el vapeo. Contamos con diversos modelos de kits de inicio, mods, una gran variedad de l\u00edquidos, resistencias, aromas, atomizadores y otros accesorios. <\/p>\n\n\n\n<p>Nos aseguramos de mantenernos al d\u00eda con las \u00faltimas tendencias y tecnolog\u00edas para ofrecer siempre lo mejor del mercado.<\/p>\n\n\n\n<p>Nos apasiona este mundo y nos esforzamos por asesorar a nuestros clientes de la mejor manera posible, asegur\u00e1ndonos de que encuentren exactamente lo que necesitan. <\/p>\n\n\n\n<p>Nuestro equipo profesional y experimentado est\u00e1 siempre dispuesto a ayudar, brindando un servicio personalizado y de confianza.<\/p>\n\n\n\n<p>Vis\u00edtanos y descubre todo lo que tenemos para ofrecerte. \u00a1Estamos aqu\u00ed para hacer de tu experiencia con la shisha y el vapeo algo \u00fanico y especial!<\/p>\n\n\n\n<p>No solo vendemos productos, sino que tambi\u00e9n compartimos nuestra pasi\u00f3n y conocimiento con nuestros clientes, estamos <a href=\"https:\/\/shishasyvapersjr.es\/index.php\/contacto\/\">aqu\u00ed<\/a> para ayudarte.<\/p>\n<\/div>\n\n\n\n<div class=\"is-layout-flow wp-block-column\" style=\"flex-basis:2%\"><\/div>\n<\/div>\n<\/div><\/div>\n<\/div><\/div>\n","protected":false},"excerpt":{"rendered":"","protected":false},"author":2,"featured_media":0,"parent":0,"menu_order":0,"comment_status":"closed","ping_status":"closed","template":"","meta":{"_mi_skip_tracking":false},"yoast_head":"<!-- This site is optimized with the Yoast SEO plugin v19.10 - https:\/\/yoast.com\/wordpress\/plugins\/seo\/ -->\n<title>Nuestra tienda - SHISHAS Y VAPERS JR<\/title>\n<meta name=\"description\" content=\"SHISHAS Y VAPERS JR somos una tienda especializada en el fascinante mundo de la shisha y el vapeo ubicados en Xirivella\" \/>\n<meta name=\"robots\" content=\"index, follow, max-snippet:-1, max-image-preview:large, max-video-preview:-1\" \/>\n<link rel=\"canonical\" href=\"https:\/\/shishasyvapersjr.es\/index.php\/nuestra-tienda\/\" \/>\n<meta property=\"og:locale\" content=\"es_ES\" \/>\n<meta property=\"og:type\" content=\"article\" \/>\n<meta property=\"og:title\" content=\"Nuestra tienda - SHISHAS Y VAPERS JR\" \/>\n<meta property=\"og:description\" content=\"SHISHAS Y VAPERS JR somos una tienda especializada en el fascinante mundo de la shisha y el vapeo ubicados en Xirivella\" \/>\n<meta property=\"og:url\" content=\"https:\/\/shishasyvapersjr.es\/index.php\/nuestra-tienda\/\" \/>\n<meta property=\"og:site_name\" content=\"SHISHAS Y VAPERS JR\" \/>\n<meta property=\"article:modified_time\" content=\"2024-08-26T18:48:13+00:00\" \/>\n<meta property=\"og:image\" content=\"https:\/\/shishasyvapersjr.es\/wp-content\/uploads\/sites\/55\/2024\/08\/quienes-somos.jpg\" \/>\n<meta name=\"twitter:card\" content=\"summary_large_image\" \/>\n<meta name=\"twitter:label1\" content=\"Tiempo de lectura\" \/>\n\t<meta name=\"twitter:data1\" content=\"2 minutos\" \/>\n<script type=\"application\/ld+json\" class=\"yoast-schema-graph\">{\"@context\":\"https:\/\/schema.org\",\"@graph\":[{\"@type\":\"WebPage\",\"@id\":\"https:\/\/shishasyvapersjr.es\/index.php\/nuestra-tienda\/\",\"url\":\"https:\/\/shishasyvapersjr.es\/index.php\/nuestra-tienda\/\",\"name\":\"Nuestra tienda - SHISHAS Y VAPERS JR\",\"isPartOf\":{\"@id\":\"https:\/\/shishasyvapersjr.es\/#website\"},\"datePublished\":\"2022-11-15T07:43:50+00:00\",\"dateModified\":\"2024-08-26T18:48:13+00:00\",\"description\":\"SHISHAS Y VAPERS JR somos una tienda especializada en el fascinante mundo de la shisha y el vapeo ubicados en Xirivella\",\"breadcrumb\":{\"@id\":\"https:\/\/shishasyvapersjr.es\/index.php\/nuestra-tienda\/#breadcrumb\"},\"inLanguage\":\"es\",\"potentialAction\":[{\"@type\":\"ReadAction\",\"target\":[\"https:\/\/shishasyvapersjr.es\/index.php\/nuestra-tienda\/\"]}]},{\"@type\":\"BreadcrumbList\",\"@id\":\"https:\/\/shishasyvapersjr.es\/index.php\/nuestra-tienda\/#breadcrumb\",\"itemListElement\":[{\"@type\":\"ListItem\",\"position\":1,\"name\":\"Portada\",\"item\":\"https:\/\/shishasyvapersjr.es\/\"},{\"@type\":\"ListItem\",\"position\":2,\"name\":\"Nosotros\"}]},{\"@type\":\"WebSite\",\"@id\":\"https:\/\/shishasyvapersjr.es\/#website\",\"url\":\"https:\/\/shishasyvapersjr.es\/\",\"name\":\"SHISHAS Y VAPERS JR\",\"description\":\"Estanco especializado en shishas y vapers en Xirivella\",\"publisher\":{\"@id\":\"https:\/\/shishasyvapersjr.es\/#organization\"},\"potentialAction\":[{\"@type\":\"SearchAction\",\"target\":{\"@type\":\"EntryPoint\",\"urlTemplate\":\"https:\/\/shishasyvapersjr.es\/?s={search_term_string}\"},\"query-input\":\"required name=search_term_string\"}],\"inLanguage\":\"es\"},{\"@type\":\"Organization\",\"@id\":\"https:\/\/shishasyvapersjr.es\/#organization\",\"name\":\"SHISHAS Y VAPERS JR\",\"url\":\"https:\/\/shishasyvapersjr.es\/\",\"logo\":{\"@type\":\"ImageObject\",\"inLanguage\":\"es\",\"@id\":\"https:\/\/shishasyvapersjr.es\/#\/schema\/logo\/image\/\",\"url\":\"https:\/\/shishasyvapersjr.es\/wp-content\/uploads\/sites\/55\/2024\/08\/logo2.png\",\"contentUrl\":\"https:\/\/shishasyvapersjr.es\/wp-content\/uploads\/sites\/55\/2024\/08\/logo2.png\",\"width\":300,\"height\":300,\"caption\":\"SHISHAS Y VAPERS JR\"},\"image\":{\"@id\":\"https:\/\/shishasyvapersjr.es\/#\/schema\/logo\/image\/\"}}]}<\/script>\n<!-- \/ Yoast SEO plugin. -->","yoast_head_json":{"title":"Nuestra tienda - SHISHAS Y VAPERS JR","description":"SHISHAS Y VAPERS JR somos una tienda especializada en el fascinante mundo de la shisha y el vapeo ubicados en Xirivella","robots":{"index":"index","follow":"follow","max-snippet":"max-snippet:-1","max-image-preview":"max-image-preview:large","max-video-preview":"max-video-preview:-1"},"canonical":"https:\/\/shishasyvapersjr.es\/index.php\/nuestra-tienda\/","og_locale":"es_ES","og_type":"article","og_title":"Nuestra tienda - SHISHAS Y VAPERS JR","og_description":"SHISHAS Y VAPERS JR somos una tienda especializada en el fascinante mundo de la shisha y el vapeo ubicados en Xirivella","og_url":"https:\/\/shishasyvapersjr.es\/index.php\/nuestra-tienda\/","og_site_name":"SHISHAS Y VAPERS JR","article_modified_time":"2024-08-26T18:48:13+00:00","og_image":[{"url":"https:\/\/shishasyvapersjr.es\/wp-content\/uploads\/sites\/55\/2024\/08\/quienes-somos.jpg"}],"twitter_card":"summary_large_image","twitter_misc":{"Tiempo de lectura":"2 minutos"},"schema":{"@context":"https:\/\/schema.org","@graph":[{"@type":"WebPage","@id":"https:\/\/shishasyvapersjr.es\/index.php\/nuestra-tienda\/","url":"https:\/\/shishasyvapersjr.es\/index.php\/nuestra-tienda\/","name":"Nuestra tienda - SHISHAS Y VAPERS JR","isPartOf":{"@id":"https:\/\/shishasyvapersjr.es\/#website"},"datePublished":"2022-11-15T07:43:50+00:00","dateModified":"2024-08-26T18:48:13+00:00","description":"SHISHAS Y VAPERS JR somos una tienda especializada en el fascinante mundo de la shisha y el vapeo ubicados en Xirivella","breadcrumb":{"@id":"https:\/\/shishasyvapersjr.es\/index.php\/nuestra-tienda\/#breadcrumb"},"inLanguage":"es","potentialAction":[{"@type":"ReadAction","target":["https:\/\/shishasyvapersjr.es\/index.php\/nuestra-tienda\/"]}]},{"@type":"BreadcrumbList","@id":"https:\/\/shishasyvapersjr.es\/index.php\/nuestra-tienda\/#breadcrumb","itemListElement":[{"@type":"ListItem","position":1,"name":"Portada","item":"https:\/\/shishasyvapersjr.es\/"},{"@type":"ListItem","position":2,"name":"Nosotros"}]},{"@type":"WebSite","@id":"https:\/\/shishasyvapersjr.es\/#website","url":"https:\/\/shishasyvapersjr.es\/","name":"SHISHAS Y VAPERS JR","description":"Estanco especializado en shishas y vapers en Xirivella","publisher":{"@id":"https:\/\/shishasyvapersjr.es\/#organization"},"potentialAction":[{"@type":"SearchAction","target":{"@type":"EntryPoint","urlTemplate":"https:\/\/shishasyvapersjr.es\/?s={search_term_string}"},"query-input":"required name=search_term_string"}],"inLanguage":"es"},{"@type":"Organization","@id":"https:\/\/shishasyvapersjr.es\/#organization","name":"SHISHAS Y VAPERS JR","url":"https:\/\/shishasyvapersjr.es\/","logo":{"@type":"ImageObject","inLanguage":"es","@id":"https:\/\/shishasyvapersjr.es\/#\/schema\/logo\/image\/","url":"https:\/\/shishasyvapersjr.es\/wp-content\/uploads\/sites\/55\/2024\/08\/logo2.png","contentUrl":"https:\/\/shishasyvapersjr.es\/wp-content\/uploads\/sites\/55\/2024\/08\/logo2.png","width":300,"height":300,"caption":"SHISHAS Y VAPERS JR"},"image":{"@id":"https:\/\/shishasyvapersjr.es\/#\/schema\/logo\/image\/"}}]}},"_links":{"self":[{"href":"https:\/\/shishasyvapersjr.es\/index.php\/wp-json\/wp\/v2\/pages\/18"}],"collection":[{"href":"https:\/\/shishasyvapersjr.es\/index.php\/wp-json\/wp\/v2\/pages"}],"about":[{"href":"https:\/\/shishasyvapersjr.es\/index.php\/wp-json\/wp\/v2\/types\/page"}],"author":[{"embeddable":true,"href":"https:\/\/shishasyvapersjr.es\/index.php\/wp-json\/wp\/v2\/users\/2"}],"replies":[{"embeddable":true,"href":"https:\/\/shishasyvapersjr.es\/index.php\/wp-json\/wp\/v2\/comments?post=18"}],"version-history":[{"count":24,"href":"https:\/\/shishasyvapersjr.es\/index.php\/wp-json\/wp\/v2\/pages\/18\/revisions"}],"predecessor-version":[{"id":755,"href":"https:\/\/shishasyvapersjr.es\/index.php\/wp-json\/wp\/v2\/pages\/18\/revisions\/755"}],"wp:attachment":[{"href":"https:\/\/shishasyvapersjr.es\/index.php\/wp-json\/wp\/v2\/media?parent=18"}],"curies":[{"name":"wp","href":"https:\/\/api.w.org\/{rel}","templated":true}]}}